{"id":122,"date":"2023-10-08T23:39:55","date_gmt":"2023-10-08T21:39:55","guid":{"rendered":"https:\/\/hab.hannama.de\/?page_id=122"},"modified":"2025-06-09T21:37:26","modified_gmt":"2025-06-09T21:37:26","slug":"impressum","status":"publish","type":"page","link":"https:\/\/breuninger-rat.com\/en\/impressum\/","title":{"rendered":"Imprint"},"content":{"rendered":"<p id=\"u3658-32\" style=\"margin-bottom:var(--wp--preset--spacing--30)\">Responsible for the website contents on www.breuninger-rat.com<\/p>\n\n\n\n<p id=\"u3658-33\" style=\"margin-bottom:var(--wp--preset--spacing--30)\">Hans-Alfred Breuninger<br>Am Tazzelwurm 10 E<br>70192 Stuttgart<br>Deutschland<br>USt-IdNr.: DE305902185<\/p>\n\n\n\n<h4 class=\"wp-block-heading\" id=\"u3658-44\">Copyright<\/h4>\n\n\n\n<p style=\"margin-bottom:var(--wp--preset--spacing--30)\">\u00a9 Hans-Alfred Breuninger<\/p>\n\n\n\n<h4 class=\"wp-block-heading\" id=\"u3658-48\">Design and realisation<\/h4>\n\n\n\n<p id=\"u3658-48\" style=\"margin-bottom:var(--wp--preset--spacing--30)\">Sieglinde Binninger und Hanna Mutz<\/p>\n\n\n\n<p id=\"u3658-53\" style=\"margin-bottom:var(--wp--preset--spacing--30)\">All texts, graphics, illustrations and photographs shall be protected by copyright. Any reproduction and any other type of utilisation shall require the express approval of Hans-Alfred Breuninger.<\/p>\n\n\n\n<h4 class=\"wp-block-heading\" id=\"u3658-57\">Disclaimer<\/h4>\n\n\n\n<p style=\"margin-bottom:var(--wp--preset--spacing--30)\">The information and contents available on the website were prepared with the utmost care. Nonetheless, we make no warranties of any kind.<\/p>\n\n\n\n<h4 class=\"wp-block-heading\" id=\"u3658-61\">Liability for links<\/h4>\n\n\n\n<p id=\"u3658-61\" style=\"margin-bottom:var(--wp--preset--spacing--30)\">The website includes links to external websites of third parties, and we do not have any influence on the contents of such websites. Therefore, we shall not make any warranty for the external contents. Only the operator of the linked websites shall be responsible for the content. We did check whether the content of the linked websites contained any violations of applicable law when the link was activated and no illegal content was found at that time. However, permanent control of the content of the linked websites is not reasonable unless there are concrete indications of violations of law. Whenever knowledge of a corresponding violation of law is obtained, such content shall be removed immediately.<\/p>\n\n\n\n<p id=\"u3658-68\" style=\"margin-bottom:var(--wp--preset--spacing--30)\">&nbsp;<\/p>","protected":false},"excerpt":{"rendered":"<p>Verantwortlich f\u00fcr die Inhalte auf www.breuninger-rat.com Hans-Alfred BreuningerAm Tazzelwurm 10 E70192 StuttgartDeutschlandUSt-IdNr.: DE305902185 Urheberrecht \u00a9 Hans-Alfred Breuninger Konzeption &amp; Realisierung Sieglinde Binninger und Hanna Mutz Alle Texte, Grafiken, Abbildungen und Fotografien sind urheberrechtlich gesch\u00fctzt. Vervielf\u00e4ltigungen jeder Art und sonstige Nutzung sind nur mit ausdr\u00fccklicher Genehmigung durch Hans-Alfred Breuninger gestattet. Haftung Die Beitr\u00e4ge und Inhalte dieser [&hellip;]<\/p>","protected":false},"author":1,"featured_media":0,"parent":0,"menu_order":0,"comment_status":"closed","ping_status":"closed","template":"","meta":{"footnotes":""},"class_list":["post-122","page","type-page","status-publish","hentry"],"_links":{"self":[{"href":"https:\/\/breuninger-rat.com\/en\/wp-json\/wp\/v2\/pages\/122","targetHints":{"allow":["GET"]}}],"collection":[{"href":"https:\/\/breuninger-rat.com\/en\/wp-json\/wp\/v2\/pages"}],"about":[{"href":"https:\/\/breuninger-rat.com\/en\/wp-json\/wp\/v2\/types\/page"}],"author":[{"embeddable":true,"href":"https:\/\/breuninger-rat.com\/en\/wp-json\/wp\/v2\/users\/1"}],"replies":[{"embeddable":true,"href":"https:\/\/breuninger-rat.com\/en\/wp-json\/wp\/v2\/comments?post=122"}],"version-history":[{"count":0,"href":"https:\/\/breuninger-rat.com\/en\/wp-json\/wp\/v2\/pages\/122\/revisions"}],"wp:attachment":[{"href":"https:\/\/breuninger-rat.com\/en\/wp-json\/wp\/v2\/media?parent=122"}],"curies":[{"name":"wp","href":"https:\/\/api.w.org\/{rel}","templated":true}]}}