{"id":90,"date":"2023-10-08T21:04:01","date_gmt":"2023-10-08T19:04:01","guid":{"rendered":"https:\/\/hab.hannama.de\/?page_id=45"},"modified":"2024-02-28T21:31:06","modified_gmt":"2024-02-28T21:31:06","slug":"networking","status":"publish","type":"page","link":"https:\/\/breuninger-rat.com\/en\/networking\/","title":{"rendered":"Network of shapers"},"content":{"rendered":"<p id=\"u99003-3\" style=\"margin-bottom:var(--wp--preset--spacing--30)\">I have been cultivating my network intensively and regularly for more than 30 years. It began while I was studying in Stuttgart and at INSEAD in Fontainebleau, grew continuously during my professional life by adding highly interesting persons who I met and learned to appreciate, for example through my membership in such organisations as the American Chamber of Commerce or around the world.<\/p>\n\n\n\n<p style=\"margin-bottom:var(--wp--preset--spacing--30)\">I establish contacts and bring together the right people. Several times a year, I organise extraordinary events for the INSEAD Alumni Network in southern Germany.<\/p>\n\n\n\n<figure class=\"wp-block-pullquote is-style-default has-background\" style=\"background:radial-gradient(rgb(238,238,238) 0%,rgb(169,184,195) 100%)\"><blockquote><p>\"Which people, which solutions will promote a company and entrepreneurial success?\"<\/p><\/blockquote><\/figure>\n\n\n\n<div class=\"wp-block-group alignfull has-custom-hell-ebebeb-color has-custom-blau-2-687987-background-color has-text-color has-background has-link-color wp-elements-226565cfb5450fbcbb30ed3795d074eb has-global-padding is-content-justification-center is-layout-constrained wp-container-core-group-is-layout-db48b477 wp-block-group-is-layout-constrained\" style=\"padding-top:var(--wp--preset--spacing--30);padding-bottom:var(--wp--preset--spacing--30)\">\n<h3 class=\"wp-block-heading has-large-font-size\" id=\"u99003-16\" style=\"margin-bottom:var(--wp--preset--spacing--30)\"><strong>My services<\/strong><\/h3>\n\n\n\n<ul class=\"wp-block-list\" id=\"u99003-26\">\n<li class=\"has-medium-font-size\">Exclusive access to high-class insider events<\/li>\n\n\n\n<li class=\"has-medium-font-size\">Exclusive access to the elite for knowledge and technology<\/li>\n\n\n\n<li class=\"has-medium-font-size\">A competitive edge in top-notch knowledge by sharing exclusive contacts<\/li>\n<\/ul>\n<\/div>","protected":false},"excerpt":{"rendered":"<p>Mein Netzwerk pflege ich seit \u00fcber 30 Jahren konzentriert und regelm\u00e4\u00dfig. Entstanden w\u00e4hrend meiner Studienzeiten in Stuttgart und INSEAD in Fontainebleau, kontinuierlich gewachsen im Verlauf meiner Berufst\u00e4tigkeit, erweitert durch hoch interessante Personen, die ich \u00fcber Mitgliedschaften wie z.B. die Amerikanische Handelskammer oder auf der ganzen Welt kennen und sch\u00e4tzen gelernt habe. Ich stelle Verbindungen her [&hellip;]<\/p>","protected":false},"author":1,"featured_media":0,"parent":0,"menu_order":0,"comment_status":"closed","ping_status":"closed","template":"","meta":{"footnotes":""},"class_list":["post-90","page","type-page","status-publish","hentry"],"_links":{"self":[{"href":"https:\/\/breuninger-rat.com\/en\/wp-json\/wp\/v2\/pages\/90","targetHints":{"allow":["GET"]}}],"collection":[{"href":"https:\/\/breuninger-rat.com\/en\/wp-json\/wp\/v2\/pages"}],"about":[{"href":"https:\/\/breuninger-rat.com\/en\/wp-json\/wp\/v2\/types\/page"}],"author":[{"embeddable":true,"href":"https:\/\/breuninger-rat.com\/en\/wp-json\/wp\/v2\/users\/1"}],"replies":[{"embeddable":true,"href":"https:\/\/breuninger-rat.com\/en\/wp-json\/wp\/v2\/comments?post=90"}],"version-history":[{"count":0,"href":"https:\/\/breuninger-rat.com\/en\/wp-json\/wp\/v2\/pages\/90\/revisions"}],"wp:attachment":[{"href":"https:\/\/breuninger-rat.com\/en\/wp-json\/wp\/v2\/media?parent=90"}],"curies":[{"name":"wp","href":"https:\/\/api.w.org\/{rel}","templated":true}]}}